{"id":8,"date":"2022-08-30T07:07:30","date_gmt":"2022-08-30T07:07:30","guid":{"rendered":"https:\/\/hamsteritry.fi\/rekisteri\/?page_id=8"},"modified":"2024-03-23T12:29:31","modified_gmt":"2024-03-23T12:29:31","slug":"the-new-umoma-opens-its-doors-2","status":"publish","type":"page","link":"https:\/\/hamsteritry.fi\/rekisteri\/","title":{"rendered":"Etusivu"},"content":{"rendered":"<div class=\"fullp\"><div class=\"maintxtwindow\"><figure class=\"wp-block-table\"><table><thead><tr><th>Rek<\/th><th class=\"poikwi1\">Sp<\/th><th>Nimi<\/th><th class=\"wi1\">Syntynyt<\/th><th>V\u00e4ri<\/th><th class=\"poikwi2\">Poikueet<\/th><\/tr><\/thead><tbody><tr><td class=\"minw3\">26-C01-257<\/td>\n                <td class=\"poikwi1\">Uros<\/td>\n                <td><a class=\"acolor\" href=\"https:\/\/hamsteritry.fi\/rekisteri\/?page_id=235&rest_route=%2Fwp%2Fv2%2Fpages%2F8&id=11682\">Ainutlaatuinen Audi<\/a><\/td>\n                <td class=\"wi1\">08.03.2026<\/td>\n                <td>Musta (aa)<\/td>\n                <td class=\"poikwi2\">0<\/td><\/tr><tr><td class=\"minw3\">26-C01-258<\/td>\n                <td class=\"poikwi1\">Uros<\/td>\n                <td><a class=\"acolor\" href=\"https:\/\/hamsteritry.fi\/rekisteri\/?page_id=235&rest_route=%2Fwp%2Fv2%2Fpages%2F8&id=11683\">Aktiivinen Ajatuspeikko<\/a><\/td>\n                <td class=\"wi1\">08.03.2026<\/td>\n                <td>Sininen (aadd)<\/td>\n                <td class=\"poikwi2\">0<\/td><\/tr><tr><td class=\"minw3\">26-C01-259<\/td>\n                <td class=\"poikwi1\">Uros<\/td>\n                <td><a class=\"acolor\" href=\"https:\/\/hamsteritry.fi\/rekisteri\/?page_id=235&rest_route=%2Fwp%2Fv2%2Fpages%2F8&id=11684\">Arvaamaton Avaruusolento <\/a><\/td>\n                <td class=\"wi1\">08.03.2026<\/td>\n                <td>Suklaa (aabb)<\/td>\n                <td class=\"poikwi2\">0<\/td><\/tr><tr><td class=\"minw3\">26-C01-260<\/td>\n                <td class=\"poikwi1\">Naaras<\/td>\n                <td><a class=\"acolor\" href=\"https:\/\/hamsteritry.fi\/rekisteri\/?page_id=235&rest_route=%2Fwp%2Fv2%2Fpages%2F8&id=11685\">Asiallinen Agentti<\/a><\/td>\n                <td class=\"wi1\">08.03.2026<\/td>\n                <td>Agouti<\/td>\n                <td class=\"poikwi2\">0<\/td><\/tr><tr><td class=\"minw3\">26-C01-261<\/td>\n                <td class=\"poikwi1\">Uros<\/td>\n                <td><a class=\"acolor\" href=\"https:\/\/hamsteritry.fi\/rekisteri\/?page_id=235&rest_route=%2Fwp%2Fv2%2Fpages%2F8&id=11686\">Arvokas Avain <\/a><\/td>\n                <td class=\"wi1\">08.03.2026<\/td>\n                <td>Agouti<\/td>\n                <td class=\"poikwi2\">0<\/td><\/tr><tr><td class=\"minw3\">26-C01-262<\/td>\n                <td class=\"poikwi1\">Uros<\/td>\n                <td><a class=\"acolor\" href=\"https:\/\/hamsteritry.fi\/rekisteri\/?page_id=235&rest_route=%2Fwp%2Fv2%2Fpages%2F8&id=11687\">Aito Aave<\/a><\/td>\n                <td class=\"wi1\">08.03.2026<\/td>\n                <td>Opal (dd)<\/td>\n                <td class=\"poikwi2\">0<\/td><\/tr><tr><td class=\"minw3\">26-R02-039<\/td>\n                <td class=\"poikwi1\">Naaras<\/td>\n                <td><a class=\"acolor\" href=\"https:\/\/hamsteritry.fi\/rekisteri\/?page_id=235&rest_route=%2Fwp%2Fv2%2Fpages%2F8&id=11676\">Beige Barbecue<\/a><\/td>\n                <td class=\"wi1\">01.03.2026<\/td>\n                <td>Sininen<\/td>\n                <td class=\"poikwi2\">0<\/td><\/tr><tr><td class=\"minw3\">26-R01-040<\/td>\n                <td class=\"poikwi1\">Uros<\/td>\n                <td><a class=\"acolor\" href=\"https:\/\/hamsteritry.fi\/rekisteri\/?page_id=235&rest_route=%2Fwp%2Fv2%2Fpages%2F8&id=11677\">Bilett\u00e4v\u00e4 Basilika<\/a><\/td>\n                <td class=\"wi1\">01.03.2026<\/td>\n                <td>Agouti<\/td>\n                <td class=\"poikwi2\">0<\/td><\/tr><tr><td class=\"minw3\">26-R01-041<\/td>\n                <td class=\"poikwi1\">Uros<\/td>\n                <td><a class=\"acolor\" href=\"https:\/\/hamsteritry.fi\/rekisteri\/?page_id=235&rest_route=%2Fwp%2Fv2%2Fpages%2F8&id=11678\">Boss Bataatti<\/a><\/td>\n                <td class=\"wi1\">01.03.2026<\/td>\n                <td>Valkoinen lakillinen<\/td>\n                <td class=\"poikwi2\">0<\/td><\/tr><tr><td class=\"minw3\">26-R01-042<\/td>\n                <td class=\"poikwi1\">Uros<\/td>\n                <td><a class=\"acolor\" href=\"https:\/\/hamsteritry.fi\/rekisteri\/?page_id=235&rest_route=%2Fwp%2Fv2%2Fpages%2F8&id=11679\">Bonusteleva Brownie<\/a><\/td>\n                <td class=\"wi1\">01.03.2026<\/td>\n                <td>Agouti<\/td>\n                <td class=\"poikwi2\">0<\/td><\/tr><tr><td class=\"minw3\">26-R01-043<\/td>\n                <td class=\"poikwi1\">Uros<\/td>\n                <td><a class=\"acolor\" href=\"https:\/\/hamsteritry.fi\/rekisteri\/?page_id=235&rest_route=%2Fwp%2Fv2%2Fpages%2F8&id=11680\">Br\u00e4ndik\u00e4s Burger<\/a><\/td>\n                <td class=\"wi1\">01.03.2026<\/td>\n                <td>Agouti<\/td>\n                <td class=\"poikwi2\">0<\/td><\/tr><tr><td class=\"minw3\">26-R02-044<\/td>\n                <td class=\"poikwi1\">Naaras<\/td>\n                <td><a class=\"acolor\" href=\"https:\/\/hamsteritry.fi\/rekisteri\/?page_id=235&rest_route=%2Fwp%2Fv2%2Fpages%2F8&id=11681\">B\u00e4ngeri Bruschetta<\/a><\/td>\n                <td class=\"wi1\">01.03.2026<\/td>\n                <td>Sininen<\/td>\n                <td class=\"poikwi2\">0<\/td><\/tr><tr><td class=\"minw3\">26-T01-037<\/td>\n                <td class=\"poikwi1\">Naaras<\/td>\n                <td><a class=\"acolor\" href=\"https:\/\/hamsteritry.fi\/rekisteri\/?page_id=235&rest_route=%2Fwp%2Fv2%2Fpages%2F8&id=11649\">Goldline's Dust Of Bodom<\/a><\/td>\n                <td class=\"wi1\">21.02.2026<\/td>\n                <td>Normaali<\/td>\n                <td class=\"poikwi2\">0<\/td><\/tr><tr><td class=\"minw3\">26-T01-036<\/td>\n                <td class=\"poikwi1\">Naaras<\/td>\n                <td><a class=\"acolor\" href=\"https:\/\/hamsteritry.fi\/rekisteri\/?page_id=235&rest_route=%2Fwp%2Fv2%2Fpages%2F8&id=11650\">Goldline's Sound Of Bodom<\/a><\/td>\n                <td class=\"wi1\">21.02.2026<\/td>\n                <td>Safiiri<\/td>\n                <td class=\"poikwi2\">0<\/td><\/tr><tr><td class=\"minw3\">26-T01-035<\/td>\n                <td class=\"poikwi1\">Uros<\/td>\n                <td><a class=\"acolor\" href=\"https:\/\/hamsteritry.fi\/rekisteri\/?page_id=235&rest_route=%2Fwp%2Fv2%2Fpages%2F8&id=11651\">Goldline's Mystery Of Bodom<\/a><\/td>\n                <td class=\"wi1\">21.02.2026<\/td>\n                <td>Safiiri<\/td>\n                <td class=\"poikwi2\">0<\/td><\/tr><tr><td class=\"minw3\">26-T01-034<\/td>\n                <td class=\"poikwi1\">Naaras<\/td>\n                <td><a class=\"acolor\" href=\"https:\/\/hamsteritry.fi\/rekisteri\/?page_id=235&rest_route=%2Fwp%2Fv2%2Fpages%2F8&id=11652\">Goldline's Darkness Of Bodom<\/a><\/td>\n                <td class=\"wi1\">21.02.2026<\/td>\n                <td>Safiiri<\/td>\n                <td class=\"poikwi2\">0<\/td><\/tr><tr><td class=\"minw3\">26-T01-033<\/td>\n                <td class=\"poikwi1\">Uros<\/td>\n                <td><a class=\"acolor\" href=\"https:\/\/hamsteritry.fi\/rekisteri\/?page_id=235&rest_route=%2Fwp%2Fv2%2Fpages%2F8&id=11653\">Goldline's Sacrifice of Bodom<\/a><\/td>\n                <td class=\"wi1\">21.02.2026<\/td>\n                <td>Normaali<\/td>\n                <td class=\"poikwi2\">0<\/td><\/tr><tr><td class=\"minw3\">26-T01-032<\/td>\n                <td class=\"poikwi1\">Uros<\/td>\n                <td><a class=\"acolor\" href=\"https:\/\/hamsteritry.fi\/rekisteri\/?page_id=235&rest_route=%2Fwp%2Fv2%2Fpages%2F8&id=11654\">Goldline's Power Of Bodom<\/a><\/td>\n                <td class=\"wi1\">21.02.2026<\/td>\n                <td>Normaali<\/td>\n                <td class=\"poikwi2\">0<\/td><\/tr><tr><td class=\"minw3\">26-T01-031<\/td>\n                <td class=\"poikwi1\">Naaras<\/td>\n                <td><a class=\"acolor\" href=\"https:\/\/hamsteritry.fi\/rekisteri\/?page_id=235&rest_route=%2Fwp%2Fv2%2Fpages%2F8&id=11655\">Goldline's Angels Of Bodom<\/a><\/td>\n                <td class=\"wi1\">21.02.2026<\/td>\n                <td>Normaali<\/td>\n                <td class=\"poikwi2\">0<\/td><\/tr><tr><td class=\"minw3\">26-C01-244<\/td>\n                <td class=\"poikwi1\">Uros<\/td>\n                <td><a class=\"acolor\" href=\"https:\/\/hamsteritry.fi\/rekisteri\/?page_id=235&rest_route=%2Fwp%2Fv2%2Fpages%2F8&id=11599\">Goldline's Black Horse<\/a><\/td>\n                <td class=\"wi1\">15.02.2026<\/td>\n                <td>Sininen (aadd)<\/td>\n                <td class=\"poikwi2\">0<\/td><\/tr><tr><td class=\"minw3\">26-C01-243<\/td>\n                <td class=\"poikwi1\">Uros<\/td>\n                <td><a class=\"acolor\" href=\"https:\/\/hamsteritry.fi\/rekisteri\/?page_id=235&rest_route=%2Fwp%2Fv2%2Fpages%2F8&id=11600\">Goldline's Fj\u00e4llr\u00e4ven<\/a><\/td>\n                <td class=\"wi1\">15.02.2026<\/td>\n                <td>Sininen (aadd)<\/td>\n                <td class=\"poikwi2\">0<\/td><\/tr><tr><td class=\"minw3\">26-C01-241<\/td>\n                <td class=\"poikwi1\">Uros<\/td>\n                <td><a class=\"acolor\" href=\"https:\/\/hamsteritry.fi\/rekisteri\/?page_id=235&rest_route=%2Fwp%2Fv2%2Fpages%2F8&id=11601\">Goldline's Helly Hansen<\/a><\/td>\n                <td class=\"wi1\">15.02.2026<\/td>\n                <td>Musta (aa)<\/td>\n                <td class=\"poikwi2\">0<\/td><\/tr><tr><td class=\"minw3\">26-C01-242<\/td>\n                <td class=\"poikwi1\">Uros<\/td>\n                <td><a class=\"acolor\" href=\"https:\/\/hamsteritry.fi\/rekisteri\/?page_id=235&rest_route=%2Fwp%2Fv2%2Fpages%2F8&id=11602\">Goldline's Gugguu<\/a><\/td>\n                <td class=\"wi1\">15.02.2026<\/td>\n                <td>Musta (aa)<\/td>\n                <td class=\"poikwi2\">0<\/td><\/tr><tr><td class=\"minw3\">26-C02-240<\/td>\n                <td class=\"poikwi1\">Uros<\/td>\n                <td><a class=\"acolor\" href=\"https:\/\/hamsteritry.fi\/rekisteri\/?page_id=235&rest_route=%2Fwp%2Fv2%2Fpages%2F8&id=11603\">Goldline's Halti<\/a><\/td>\n                <td class=\"wi1\">15.02.2026<\/td>\n                <td>Musta (aa)<\/td>\n                <td class=\"poikwi2\">0<\/td><\/tr><tr><td class=\"minw3\">26-C01-239<\/td>\n                <td class=\"poikwi1\">Uros<\/td>\n                <td><a class=\"acolor\" href=\"https:\/\/hamsteritry.fi\/rekisteri\/?page_id=235&rest_route=%2Fwp%2Fv2%2Fpages%2F8&id=11604\">Goldline's Beavers<\/a><\/td>\n                <td class=\"wi1\">15.02.2026<\/td>\n                <td>Suklaa (aabb)<\/td>\n                <td class=\"poikwi2\">0<\/td><\/tr><\/tbody><\/table><\/figure><div class=\"pagidi\"><div class=\"pagia3\"><\/div><div class=\"pagia2\"><p class=\"pagipa\">Sivu 1 \/ 435<\/p><\/div><div class=\"pagia3\"><a class=\"pagiabut pagimar\" href=\"https:\/\/hamsteritry.fi\/rekisteri\/?rest_route=\/wp\/v2\/pages\/8&pagenum=2\">Seuraava<\/a> <a class=\"pagiabut\" href=\"https:\/\/hamsteritry.fi\/rekisteri\/?rest_route=\/wp\/v2\/pages\/8&pagenum=435\">Viimeinen<\/a> <\/div><\/div><div class=\"haut\"><div id=\"content\"><form action=\"\" method=\"GET\" id=\"hakufrm\" enctype=\"multipart\/form-data\"><p><label class=\"formlab\"> Nimi<br><span><input size=\"40\" class=\"forminp\" aria-required=\"true\" aria-invalid=\"false\" value=\"\" type=\"text\" name=\"hakunimi\"><\/span><\/label><\/p>\n        <p><label class=\"formlab\"> Rekisterinumero<br>\n        <span><input size=\"40\" class=\"forminp\" aria-invalid=\"false\" value=\"\" type=\"text\" name=\"hakurek\"><\/span><\/label><\/p><p><label class=\"formlab\">Laji<br><span><select class=\"formsele\" aria-invalid=\"false\" name=\"laji\"><option value=\"0\"><\/option><option  value=\"82\">Syyrianhamsteri<\/option><option  value=\"83\">Ven\u00e4j\u00e4nk\u00e4\u00e4pi\u00f6hamsteri talvikko<\/option><option  value=\"84\">Ven\u00e4j\u00e4nk\u00e4\u00e4pi\u00f6hamsteri campbelli<\/option><option  value=\"85\">Ven\u00e4j\u00e4nk\u00e4\u00e4pi\u00f6hamsteri roborovski<\/option><option  value=\"86\">Kiinank\u00e4\u00e4pi\u00f6hamsteri<\/option><option  value=\"87\">Hybridi<\/option><\/select><\/span><\/label><\/p><input type=\"Submit\" value=\"Hae\"><\/form><\/div><br><br><figure class=\"wp-block-table\"><table><thead><tr><th colspan=\"2\">Tietoja<\/th><\/tr><\/thead><tbody><tr><td>Rekister\u00f6ityj\u00e4 v. 2026<\/td><td>512<\/td><\/tr><tr><td>Rekister\u00f6ityj\u00e4 v. 2025<\/td><td>1959<\/td><\/tr><tr><td>Rekister\u00f6ityj\u00e4 v. 2024<\/td><td>2039<\/td><\/tr><tr><td>Rekister\u00f6ityj\u00e4 yhteens\u00e4<\/td><td>4510<\/td><\/tr><tr><td>Hamstereita yhteens\u00e4<\/td><td>11259<\/td><\/tr><\/tbody><\/table><\/figure><p><a href=\"\" id=\"tiemut\" class=\"muutlink acolor\">Ovat hamsterisi tiedot muuttuneet? Ilmoita t\u00e4st\u00e4<\/a><\/p>\n         \n         <div class=\"showdiv\" id=\"muutoslomake\">\n          <div class=\"fullwid muutyht\">\n            <h4 class=\"fullwid\">Ota yhteytt\u00e4<\/h4>\n            \n            <form method=\"POST\" action=\"\">\n            <p class=\"fullwid\">\n                <label class=\"jslon\"> Nimi<br>\n                    <span class=\"\" ><input class=\"muuinp\" value=\"\" type=\"text\" name=\"gnimi\"><\/span> \n                <\/label>\n            <\/p>\n            \n            <p class=\"fullwid\">\n                <label class=\"jslon\"> S-posti<br>\n                    <span class=\"\" ><input class=\"muuinp\" value=\"\" type=\"text\" name=\"gposti\"><\/span> \n                <\/label>\n            <\/p>\n            \n            <p class=\"fullwid\">\n                <label class=\"jslon\"> Hamsterin rekisterinumero<br>\n                    <span class=\"\" ><input class=\"muuinp\" value=\"\" type=\"text\" name=\"grek\"><\/span> \n                <\/label>\n            <\/p>\n            \n            <p class=\"fullwid\">\n                <label class=\"jslon\"> Muuttunut tieto<br>\n                    <textarea class=\"otatextarea\" value=\"\" type=\"text\" name=\"gmuutos\"><\/textarea> \n                <\/label>\n            <\/p>\n            \n            <p class=\"fullwid2\">\n                <input type=\"submit\" value=\"L\u00e4het\u00e4\" name=\"otayhtb\">\n            <\/p>\n            <\/form>\n            \n\n\n        <\/div>\n        <\/div>\n        \n         <\/div><\/div>\n","protected":false},"excerpt":{"rendered":"","protected":false},"author":3,"featured_media":7,"parent":0,"menu_order":0,"comment_status":"closed","ping_status":"closed","template":"","meta":{"site-sidebar-layout":"default","site-content-layout":"","ast-site-content-layout":"default","site-content-style":"default","site-sidebar-style":"default","ast-global-header-display":"","ast-banner-title-visibility":"","ast-main-header-display":"","ast-hfb-above-header-display":"","ast-hfb-below-header-display":"","ast-hfb-mobile-header-display":"","site-post-title":"disabled","ast-breadcrumbs-content":"","ast-featured-img":"","footer-sml-layout":"","ast-disable-related-posts":"","theme-transparent-header-meta":"","adv-header-id-meta":"","stick-header-meta":"","header-above-stick-meta":"","header-main-stick-meta":"","header-below-stick-meta":"","astra-migrate-meta-layouts":"default","ast-page-background-enabled":"default","ast-page-background-meta":{"desktop":{"background-color":"var(--ast-global-color-4)","background-image":"","background-repeat":"repeat","background-position":"center center","background-size":"auto","background-attachment":"scroll","background-type":"","background-media":"","overlay-type":"","overlay-color":"","overlay-opacity":"","overlay-gradient":""},"tablet":{"background-color":"","background-image":"","background-repeat":"repeat","background-position":"center center","background-size":"auto","background-attachment":"scroll","background-type":"","background-media":"","overlay-type":"","overlay-color":"","overlay-opacity":"","overlay-gradient":""},"mobile":{"background-color":"","background-image":"","background-repeat":"repeat","background-position":"center center","background-size":"auto","background-attachment":"scroll","background-type":"","background-media":"","overlay-type":"","overlay-color":"","overlay-opacity":"","overlay-gradient":""}},"ast-content-background-meta":{"desktop":{"background-color":"var(--ast-global-color-5)","background-image":"","background-repeat":"repeat","background-position":"center center","background-size":"auto","background-attachment":"scroll","background-type":"","background-media":"","overlay-type":"","overlay-color":"","overlay-opacity":"","overlay-gradient":""},"tablet":{"background-color":"var(--ast-global-color-5)","background-image":"","background-repeat":"repeat","background-position":"center center","background-size":"auto","background-attachment":"scroll","background-type":"","background-media":"","overlay-type":"","overlay-color":"","overlay-opacity":"","overlay-gradient":""},"mobile":{"background-color":"var(--ast-global-color-5)","background-image":"","background-repeat":"repeat","background-position":"center center","background-size":"auto","background-attachment":"scroll","background-type":"","background-media":"","overlay-type":"","overlay-color":"","overlay-opacity":"","overlay-gradient":""}},"footnotes":""},"class_list":["post-8","page","type-page","status-publish","has-post-thumbnail","hentry"],"_links":{"self":[{"href":"https:\/\/hamsteritry.fi\/rekisteri\/index.php?rest_route=\/wp\/v2\/pages\/8","targetHints":{"allow":["GET"]}}],"collection":[{"href":"https:\/\/hamsteritry.fi\/rekisteri\/index.php?rest_route=\/wp\/v2\/pages"}],"about":[{"href":"https:\/\/hamsteritry.fi\/rekisteri\/index.php?rest_route=\/wp\/v2\/types\/page"}],"author":[{"embeddable":true,"href":"https:\/\/hamsteritry.fi\/rekisteri\/index.php?rest_route=\/wp\/v2\/users\/3"}],"replies":[{"embeddable":true,"href":"https:\/\/hamsteritry.fi\/rekisteri\/index.php?rest_route=%2Fwp%2Fv2%2Fcomments&post=8"}],"version-history":[{"count":24,"href":"https:\/\/hamsteritry.fi\/rekisteri\/index.php?rest_route=\/wp\/v2\/pages\/8\/revisions"}],"predecessor-version":[{"id":360,"href":"https:\/\/hamsteritry.fi\/rekisteri\/index.php?rest_route=\/wp\/v2\/pages\/8\/revisions\/360"}],"wp:featuredmedia":[{"embeddable":true,"href":"https:\/\/hamsteritry.fi\/rekisteri\/index.php?rest_route=\/wp\/v2\/media\/7"}],"wp:attachment":[{"href":"https:\/\/hamsteritry.fi\/rekisteri\/index.php?rest_route=%2Fwp%2Fv2%2Fmedia&parent=8"}],"curies":[{"name":"wp","href":"https:\/\/api.w.org\/{rel}","templated":true}]}}